{"id":12,"date":"2026-04-26T09:58:03","date_gmt":"2026-04-26T09:58:03","guid":{"rendered":"https:\/\/nertyfrance.fr\/?page_id=12"},"modified":"2026-04-26T16:00:27","modified_gmt":"2026-04-26T16:00:27","slug":"accueil","status":"publish","type":"page","link":"https:\/\/nertyfrance.fr\/","title":{"rendered":"Accueil"},"content":{"rendered":"<section data-etch-element=\"section\" class=\"hero image-container\"><div data-etch-element=\"container\" class=\"hero__container\"><div class=\"hero__content\"><h1 class=\"hero__heading\">Nerty France<\/h1><p class=\"hero__sub-heading\">Communaut\u00e9 Fran\u00e7aise \u00b7 Nerimity<\/p><p class=\"hero__tagline\">La communaut\u00e9 francophone de Nerimity l&#039;alternative \u00e0 Discord, plus libre, plus ouverte. Discute, partage et rencontre des passionn\u00e9s de tech &amp; de culture made in France.<\/p><div class=\"hero__actions\"><a href=\"#\" class=\"btn-primary\">Rejoindre la communaut\u00e9 <svg width=\"64\" height=\"64\" viewBox=\"0 0 24 24\" class=\"arrow\"><path fill=\"currentColor\" d=\"m18 12l.354-.354l.353.354l-.353.354zm-12 .5a.5.5 0 0 1 0-1zm8.354-4.854l4 4l-.708.708l-4-4zm4 4.708l-4 4l-.708-.708l4-4zM18 12.5H6v-1h12z\"><\/path><\/svg> <\/a><a href=\"#\" class=\"btn-secondary\"> <svg width=\"64\" height=\"64\" viewBox=\"0 0 24 24\" class=\"arrow\"><path fill=\"currentColor\" d=\"m12 18l-.354.354l.354.353l.354-.353zm.5-12a.5.5 0 0 0-1 0zm-4.854 8.354l4 4l.708-.708l-4-4zm4.708 4l4-4l-.708-.708l-4 4zM12.5 18V6h-1v12z\"><\/path><\/svg> D\u00e9couvrir<\/a><\/div><div class=\"hero__stats\"><div class=\"hero__item\"><h3 class=\"hero__number\">100%<\/h3><p class=\"hero__label\">Francophone<\/p><\/div><div class=\"hero__item\"><h3 class=\"hero__number\">50+<\/h3><p class=\"hero__label\">Membres<\/p><\/div><div class=\"hero__item\"><h3 class=\"hero__number\"> <svg width=\"64\" height=\"64\" viewBox=\"0 0 24 24\" class=\"hero__verified\"><path fill=\"currentColor\" d=\"m8.6 22.5l-1.9-3.2l-3.6-.8l.35-3.7L1 12l2.45-2.8l-.35-3.7l3.6-.8l1.9-3.2L12 2.95l3.4-1.45l1.9 3.2l3.6.8l-.35 3.7L23 12l-2.45 2.8l.35 3.7l-3.6.8l-1.9 3.2l-3.4-1.45l-3.4 1.45Zm2.35-6.95L16.6 9.9l-1.4-1.45l-4.25 4.25l-2.15-2.1L7.4 12l3.55 3.55Z\"><\/path><\/svg> <\/h3><p class=\"hero__label\">Serveur v\u00e9rifi\u00e9<\/p><\/div><\/div><\/div><div class=\"hero__visual\"><figure class=\"hero__figure\"><img loading=\"lazy\" decoding=\"async\"  sizes=\"auto, (max-width: 654px) 100vw, 654px\" srcset=\"https:\/\/nertyfrance.fr\/wp-content\/uploads\/2026\/04\/nerty-france-logo.png 654w, https:\/\/nertyfrance.fr\/wp-content\/uploads\/2026\/04\/nerty-france-logo-300x300.png 300w, https:\/\/nertyfrance.fr\/wp-content\/uploads\/2026\/04\/nerty-france-logo-150x150.png 150w\" src=\"https:\/\/nertyfrance.fr\/wp-content\/uploads\/2026\/04\/nerty-france-logo.png\" alt=\"\" width=\"654\" height=\"654\" class=\"hero__image\" \/><div class=\"hero__image-circle\"><\/div><\/figure><\/div><\/div><\/section><div class=\"marquee\"><div class=\"marquee-track\"><div class=\"marquee-item\">Bienvenue sur Nerty France <span class=\"star\">\u2726<\/span><\/div><div class=\"marquee-item\">Nerimity en fran\u00e7ais <span class=\"star\">\u2726<\/span><\/div><div class=\"marquee-item\">Libert\u00e9 \u00b7 \u00c9galit\u00e9 \u00b7 Convivialit\u00e9 <span class=\"star\">\u2726<\/span><\/div><div class=\"marquee-item\">L&#039;alternative \u00e0 Discord <span class=\"star\">\u2726<\/span><\/div><div class=\"marquee-item\">Rejoins la communaut\u00e9 <span class=\"star\">\u2726<\/span><\/div><div class=\"marquee-item\">Bienvenue sur Nerty France <span class=\"star\">\u2726<\/span><\/div><div class=\"marquee-item\">Nerimity en fran\u00e7ais <span class=\"star\">\u2726<\/span><\/div><div class=\"marquee-item\">Libert\u00e9 \u00b7 \u00c9galit\u00e9 \u00b7 Convivialit\u00e9 <span class=\"star\">\u2726<\/span><\/div><div class=\"marquee-item\">L&#039;alternative \u00e0 Discord <span class=\"star\">\u2726<\/span><\/div><div class=\"marquee-item\">Rejoins la communaut\u00e9 <span class=\"star\">\u2726<\/span><\/div><\/div><\/div><section data-etch-element=\"section\" class=\"about\"><div data-etch-element=\"container\" class=\"about__container\"><h2 class=\"about__heading\">Une communaut\u00e9 qui vous ressemble<\/h2><p class=\"about__sub-heading\">\u00c0 propos<\/p><p class=\"about__tagline\">Nerty France r\u00e9unit les passionn\u00e9s de Nerimity en un seul endroit chaleureux. Que tu sois d\u00e9veloppeur, gamer, cr\u00e9atif, ou simplement curieux il y a une place pour toi.<\/p><div class=\"about__card-wrapper\"><div class=\"about__card\"> <svg width=\"64\" height=\"64\" viewBox=\"0 0 16 16\" class=\"about__card--icon\"><path fill=\"currentColor\" d=\"M1.019 8a6.462 6.462 0 0 0 1.003 3h2.382a14.469 14.469 0 0 1-.396-3zm0-1h2.989c.033-1.078.172-2.094.396-3H2.022a6.462 6.462 0 0 0-1.003 3M13.98 8h-2.989a14.469 14.469 0 0 1-.396 3h2.382a6.462 6.462 0 0 0 1.003-3m0-1a6.462 6.462 0 0 0-1.003-3h-2.382c.224.906.363 1.922.396 3zM5.008 8c.037 1.107.195 2.127.429 3h4.126c.234-.873.392-1.893.429-3zm0-1h4.984a13.422 13.422 0 0 0-.429-3H5.437a13.422 13.422 0 0 0-.429 3M.016 8H0V7h.016a7.5 7.5 0 0 1 14.968 0H15v1h-.016A7.5 7.5 0 0 1 .016 8m2.794 4a6.501 6.501 0 0 0 2.717 1.695A7.315 7.315 0 0 1 4.7 12zm9.38 0H10.3c-.23.657-.51 1.23-.827 1.695A6.501 6.501 0 0 0 12.19 12m-6.428 0c.484 1.24 1.132 2 1.738 2c.606 0 1.254-.76 1.738-2zM2.81 3H4.7c.23-.657.51-1.23.827-1.695A6.501 6.501 0 0 0 2.81 3m9.38 0a6.501 6.501 0 0 0-2.717-1.695c.317.465.597 1.038.827 1.695zM5.762 3h3.476C8.754 1.76 8.106 1 7.5 1c-.606 0-1.254.76-1.738 2\"><\/path><\/svg> <h3 class=\"about__card--heading\">Open-source &amp; libre<\/h3><p class=\"about__card--sub-heading\">01 \/ Libert\u00e9<\/p><p class=\"about__card--tagline\">Nerimity est une plateforme open-source qui respecte ta vie priv\u00e9e. Pas de pub, pas de tracking, juste de la discussion.<\/p><\/div><div class=\"about__card\"> <svg width=\"64\" height=\"64\" viewBox=\"0 0 256 256\" class=\"about__card--icon\"><path fill=\"currentColor\" d=\"M117.25 157.92a60 60 0 1 0-66.5 0a95.83 95.83 0 0 0-47.22 37.71a8 8 0 1 0 13.4 8.74a80 80 0 0 1 134.14 0a8 8 0 0 0 13.4-8.74a95.83 95.83 0 0 0-47.22-37.71ZM40 108a44 44 0 1 1 44 44a44.05 44.05 0 0 1-44-44Zm210.14 98.7a8 8 0 0 1-11.07-2.33A79.83 79.83 0 0 0 172 168a8 8 0 0 1 0-16a44 44 0 1 0-16.34-84.87a8 8 0 1 1-5.94-14.85a60 60 0 0 1 55.53 105.64a95.83 95.83 0 0 1 47.22 37.71a8 8 0 0 1-2.33 11.07Z\"><\/path><\/svg> <h3 class=\"about__card--heading\">Une vraie ambiance<\/h3><p class=\"about__card--sub-heading\">02 \/ Convivialit\u00e9<\/p><p class=\"about__card--tagline\">Discussions en fran\u00e7ais, m\u00e8mes francophone, \u00e9v\u00e9nements, salons vocaux anim\u00e9s. La culture, l&#039;humour, le partage.<\/p><\/div><div class=\"about__card\"> <svg width=\"64\" height=\"64\" viewBox=\"0 0 24 24\" fill=\"currentColor\" class=\"about__card--icon\"><g fill=\"none\" stroke=\"currentColor\" stroke-linecap=\"round\" stroke-linejoin=\"round\" stroke-width=\"1.5\" color=\"currentColor\"><path d=\"M11.998 2C8.99 2 7.04 4.019 4.734 4.755c-.938.3-1.407.449-1.597.66c-.19.21-.245.519-.356 1.135c-1.19 6.596 1.41 12.694 7.61 15.068c.665.255.998.382 1.61.382s.946-.128 1.612-.383c6.199-2.373 8.796-8.471 7.606-15.067c-.111-.616-.167-.925-.357-1.136s-.658-.36-1.596-.659C16.959 4.019 15.006 2 11.998 2\"><\/path><path d=\"M9 13s1 0 2 2c0 0 3.177-5 6-6\"><\/path><\/g><\/svg> <h3 class=\"about__card--heading\">Mod\u00e9ration attentive<\/h3><p class=\"about__card--sub-heading\">03 \/ S\u00e9curit\u00e9<\/p><p class=\"about__card--tagline\">Une \u00e9quipe de b\u00e9n\u00e9voles \u00e0 l&#039;\u00e9coute, un r\u00e8glement clair, un espace SFW. On veille \u00e0 ce que tout le monde se sente bien.<\/p><\/div><\/div><\/div><\/section><section data-etch-element=\"section\" class=\"rules\"><div data-etch-element=\"container\" class=\"rules__container\"><div class=\"rules__content\"><h2 class=\"rules__heading\">Vivre ensemble, simplement.<\/h2><p class=\"rules__sub-heading\">R\u00e8glement<\/p><p class=\"rules__tagline\">En rejoignant Nerty France, tu acceptes ces r\u00e8gles pour garantir un environnement sain et respectueux pour tous.<\/p><\/div><div data-etch-accordion=\"\" data-etch-accordion-open-first=\"true\" data-etch-accordion-allow-multiple=\"false\" class=\"etch-accordion--custom etch-accordion \"><div class=\"etch-accordion__item\"><h3 class=\"etch-accordion__header\"><button aria-expanded=\"true\" class=\"etch-accordion__button\"><span class=\"etch-accordion__button-text\">Respect &amp; comportement<\/span><svg width=\"24\" height=\"24\" viewBox=\"0 0 24 24\" fill=\"none\" xmlns=\"http:\/\/www.w3.org\/2000\/svg\"><path fill=\"currentColor\" d=\"M17 9.17a1 1 0 0 0-1.41 0L12 12.71L8.46 9.17a1 1 0 0 0-1.41 0a1 1 0 0 0 0 1.42l4.24 4.24a1 1 0 0 0 1.42 0L17 10.59a1 1 0 0 0 0-1.42\"><\/path><\/svg><\/button><\/h3><div role=\"region\" class=\"etch-accordion__panel\"><div class=\"etch-accordion__content\"><div class=\"etch-accordion__content-inner\"><p>Your content goes here. Lorem ipsum dolor sit amet consectetur adipisicing elit. Exercitationem quis autem accusantium porro vel voluptatem alias sunt modi quo cumque?<\/p><\/div><\/div><\/div><\/div><div class=\"etch-accordion__item\"><h3 class=\"etch-accordion__header\"><button aria-expanded=\"true\" class=\"etch-accordion__button\"><span class=\"etch-accordion__button-text\">Publicit\u00e9 &amp; sollicitation<\/span><svg width=\"24\" height=\"24\" viewBox=\"0 0 24 24\" fill=\"none\" xmlns=\"http:\/\/www.w3.org\/2000\/svg\"><path fill=\"currentColor\" d=\"M17 9.17a1 1 0 0 0-1.41 0L12 12.71L8.46 9.17a1 1 0 0 0-1.41 0a1 1 0 0 0 0 1.42l4.24 4.24a1 1 0 0 0 1.42 0L17 10.59a1 1 0 0 0 0-1.42\"><\/path><\/svg><\/button><\/h3><div role=\"region\" class=\"etch-accordion__panel\"><div class=\"etch-accordion__content\"><div class=\"etch-accordion__content-inner\"><p>Your content goes here. Lorem ipsum dolor sit amet consectetur adipisicing elit. Exercitationem quis autem accusantium porro vel voluptatem alias sunt modi quo cumque?<\/p><\/div><\/div><\/div><\/div><div class=\"etch-accordion__item\"><h3 class=\"etch-accordion__header\"><button aria-expanded=\"true\" class=\"etch-accordion__button\"><span class=\"etch-accordion__button-text\">Convivialit\u00e9 &amp; salons vocaux<\/span><svg width=\"24\" height=\"24\" viewBox=\"0 0 24 24\" fill=\"none\" xmlns=\"http:\/\/www.w3.org\/2000\/svg\"><path fill=\"currentColor\" d=\"M17 9.17a1 1 0 0 0-1.41 0L12 12.71L8.46 9.17a1 1 0 0 0-1.41 0a1 1 0 0 0 0 1.42l4.24 4.24a1 1 0 0 0 1.42 0L17 10.59a1 1 0 0 0 0-1.42\"><\/path><\/svg><\/button><\/h3><div role=\"region\" class=\"etch-accordion__panel\"><div class=\"etch-accordion__content\"><div class=\"etch-accordion__content-inner\"><p>Your content goes here. Lorem ipsum dolor sit amet consectetur adipisicing elit. Exercitationem quis autem accusantium porro vel voluptatem alias sunt modi quo cumque?<\/p><\/div><\/div><\/div><\/div><div class=\"etch-accordion__item\"><h3 class=\"etch-accordion__header\"><button aria-expanded=\"true\" class=\"etch-accordion__button\"><span class=\"etch-accordion__button-text\">Esprit communautaire<\/span><svg width=\"24\" height=\"24\" viewBox=\"0 0 24 24\" fill=\"none\" xmlns=\"http:\/\/www.w3.org\/2000\/svg\"><path fill=\"currentColor\" d=\"M17 9.17a1 1 0 0 0-1.41 0L12 12.71L8.46 9.17a1 1 0 0 0-1.41 0a1 1 0 0 0 0 1.42l4.24 4.24a1 1 0 0 0 1.42 0L17 10.59a1 1 0 0 0 0-1.42\"><\/path><\/svg><\/button><\/h3><div role=\"region\" class=\"etch-accordion__panel\"><div class=\"etch-accordion__content\"><div class=\"etch-accordion__content-inner\"><p>Your content goes here. Lorem ipsum dolor sit amet consectetur adipisicing elit. Exercitationem quis autem accusantium porro vel voluptatem alias sunt modi quo cumque?<\/p><\/div><\/div><\/div><\/div><div class=\"etch-accordion__item\"><h3 class=\"etch-accordion__header\"><button aria-expanded=\"true\" class=\"etch-accordion__button\"><span class=\"etch-accordion__button-text\">Conclusion<\/span><svg width=\"24\" height=\"24\" viewBox=\"0 0 24 24\" fill=\"none\" xmlns=\"http:\/\/www.w3.org\/2000\/svg\"><path fill=\"currentColor\" d=\"M17 9.17a1 1 0 0 0-1.41 0L12 12.71L8.46 9.17a1 1 0 0 0-1.41 0a1 1 0 0 0 0 1.42l4.24 4.24a1 1 0 0 0 1.42 0L17 10.59a1 1 0 0 0 0-1.42\"><\/path><\/svg><\/button><\/h3><div role=\"region\" class=\"etch-accordion__panel\"><div class=\"etch-accordion__content\"><div class=\"etch-accordion__content-inner\"><p>Your content goes here. Lorem ipsum dolor sit amet consectetur adipisicing elit. Exercitationem quis autem accusantium porro vel voluptatem alias sunt modi quo cumque?<\/p><\/div><\/div><\/div><\/div><\/div><\/div><\/section>","protected":false},"excerpt":{"rendered":"","protected":false},"author":1,"featured_media":0,"parent":0,"menu_order":0,"comment_status":"closed","ping_status":"closed","template":"","meta":{"footnotes":""},"class_list":["post-12","page","type-page","status-publish","hentry"],"_links":{"self":[{"href":"https:\/\/nertyfrance.fr\/index.php?rest_route=\/wp\/v2\/pages\/12","targetHints":{"allow":["GET"]}}],"collection":[{"href":"https:\/\/nertyfrance.fr\/index.php?rest_route=\/wp\/v2\/pages"}],"about":[{"href":"https:\/\/nertyfrance.fr\/index.php?rest_route=\/wp\/v2\/types\/page"}],"author":[{"embeddable":true,"href":"https:\/\/nertyfrance.fr\/index.php?rest_route=\/wp\/v2\/users\/1"}],"replies":[{"embeddable":true,"href":"https:\/\/nertyfrance.fr\/index.php?rest_route=%2Fwp%2Fv2%2Fcomments&post=12"}],"version-history":[{"count":5,"href":"https:\/\/nertyfrance.fr\/index.php?rest_route=\/wp\/v2\/pages\/12\/revisions"}],"predecessor-version":[{"id":59,"href":"https:\/\/nertyfrance.fr\/index.php?rest_route=\/wp\/v2\/pages\/12\/revisions\/59"}],"wp:attachment":[{"href":"https:\/\/nertyfrance.fr\/index.php?rest_route=%2Fwp%2Fv2%2Fmedia&parent=12"}],"curies":[{"name":"wp","href":"https:\/\/api.w.org\/{rel}","templated":true}]}}